{"id":896,"date":"2024-06-13T15:25:28","date_gmt":"2024-06-13T18:25:28","guid":{"rendered":"https:\/\/seventies.com.br\/?page_id=896"},"modified":"2024-10-03T18:24:08","modified_gmt":"2024-10-03T21:24:08","slug":"condicoes-especiais","status":"publish","type":"page","link":"https:\/\/seventies.com.br\/index.php\/condicoes-especiais\/","title":{"rendered":"Condi\u00e7\u00f5es Especiais"},"content":{"rendered":"\t\t<div data-elementor-type=\"wp-page\" data-elementor-id=\"896\" class=\"elementor elementor-896\">\n\t\t\t\t<div class=\"elementor-element elementor-element-365dac2 e-flex e-con-boxed e-con e-parent\" data-id=\"365dac2\" data-element_type=\"container\" data-settings=\"{&quot;background_background&quot;:&quot;classic&quot;,&quot;position&quot;:&quot;fixed&quot;}\">\n\t\t\t\t\t<div class=\"e-con-inner\">\n\t\t<div class=\"elementor-element elementor-element-bc70941 e-con-full e-flex e-con e-child\" data-id=\"bc70941\" data-element_type=\"container\">\n\t\t\t\t<div class=\"elementor-element elementor-element-e49b5ad elementor-widget elementor-widget-theme-site-logo elementor-widget-image\" data-id=\"e49b5ad\" data-element_type=\"widget\" data-widget_type=\"theme-site-logo.default\">\n\t\t\t\t<div class=\"elementor-widget-container\">\n\t\t\t\t\t\t\t\t\t\t\t\t\t\t\t\t<a href=\"https:\/\/seventies.com.br\">\n\t\t\t\t\t\t\t<img fetchpriority=\"high\" decoding=\"async\" width=\"1080\" height=\"1080\" src=\"https:\/\/seventies.com.br\/wp-content\/uploads\/2023\/06\/Sem-Titulo-1.png\" class=\"attachment-full size-full wp-image-240\" alt=\"\" srcset=\"https:\/\/seventies.com.br\/wp-content\/uploads\/2023\/06\/Sem-Titulo-1.png 1080w, https:\/\/seventies.com.br\/wp-content\/uploads\/2023\/06\/Sem-Titulo-1-300x300.png 300w, https:\/\/seventies.com.br\/wp-content\/uploads\/2023\/06\/Sem-Titulo-1-1024x1024.png 1024w, https:\/\/seventies.com.br\/wp-content\/uploads\/2023\/06\/Sem-Titulo-1-150x150.png 150w, https:\/\/seventies.com.br\/wp-content\/uploads\/2023\/06\/Sem-Titulo-1-768x768.png 768w\" sizes=\"(max-width: 1080px) 100vw, 1080px\" \/>\t\t\t\t\t\t\t\t<\/a>\n\t\t\t\t\t\t\t\t\t\t\t\t\t\t\t<\/div>\n\t\t\t\t<\/div>\n\t\t\t\t<\/div>\n\t\t<div class=\"elementor-element elementor-element-0edd18a e-con-full e-flex e-con e-child\" data-id=\"0edd18a\" data-element_type=\"container\">\n\t\t\t\t<div class=\"elementor-element elementor-element-061e5dd elementor-widget elementor-widget-heading\" data-id=\"061e5dd\" data-element_type=\"widget\" data-widget_type=\"heading.default\">\n\t\t\t\t<div class=\"elementor-widget-container\">\n\t\t\t\t\t<h2 class=\"elementor-heading-title elementor-size-default\">menu<\/h2>\t\t\t\t<\/div>\n\t\t\t\t<\/div>\n\t\t\t\t<div class=\"elementor-element elementor-element-9177df3 elementor-view-default elementor-widget elementor-widget-icon\" data-id=\"9177df3\" data-element_type=\"widget\" data-widget_type=\"icon.default\">\n\t\t\t\t<div class=\"elementor-widget-container\">\n\t\t\t\t\t\t\t<div class=\"elementor-icon-wrapper\">\n\t\t\t<a class=\"elementor-icon\" href=\"#elementor-action%3Aaction%3Dpopup%3Aopen%26settings%3DeyJpZCI6Ijg2OCIsInRvZ2dsZSI6ZmFsc2V9\">\n\t\t\t<svg xmlns=\"http:\/\/www.w3.org\/2000\/svg\" height=\"512\" viewBox=\"0 0 512 512\" width=\"512\"><path d=\"m128 102.4c0-14.138 11.462-25.6 25.6-25.6h332.8c14.138 0 25.6 11.462 25.6 25.6s-11.462 25.6-25.6 25.6h-332.8c-14.138 0-25.6-11.463-25.6-25.6zm358.4 128h-460.8c-14.138 0-25.6 11.463-25.6 25.6 0 14.138 11.462 25.6 25.6 25.6h460.8c14.138 0 25.6-11.462 25.6-25.6 0-14.137-11.462-25.6-25.6-25.6zm0 153.6h-230.4c-14.137 0-25.6 11.462-25.6 25.6 0 14.137 11.463 25.6 25.6 25.6h230.4c14.138 0 25.6-11.463 25.6-25.6 0-14.138-11.462-25.6-25.6-25.6z\"><\/path><\/svg>\t\t\t<\/a>\n\t\t<\/div>\n\t\t\t\t\t\t<\/div>\n\t\t\t\t<\/div>\n\t\t\t\t<\/div>\n\t\t\t\t\t<\/div>\n\t\t\t\t<\/div>\n\t\t<div class=\"elementor-element elementor-element-964773c e-flex e-con-boxed e-con e-parent\" data-id=\"964773c\" data-element_type=\"container\" data-settings=\"{&quot;background_background&quot;:&quot;classic&quot;}\">\n\t\t\t\t\t<div class=\"e-con-inner\">\n\t\t<div class=\"elementor-element elementor-element-ca547d7 e-flex e-con-boxed e-con e-child\" data-id=\"ca547d7\" data-element_type=\"container\">\n\t\t\t\t\t<div class=\"e-con-inner\">\n\t\t\t\t<div class=\"elementor-element elementor-element-808badb gradient elementor-widget elementor-widget-heading\" data-id=\"808badb\" data-element_type=\"widget\" data-widget_type=\"heading.default\">\n\t\t\t\t<div class=\"elementor-widget-container\">\n\t\t\t\t\t<h2 class=\"elementor-heading-title elementor-size-default\">Condicoes <gradient> especiais<\/h2>\t\t\t\t<\/div>\n\t\t\t\t<\/div>\n\t\t\t\t<div class=\"elementor-element elementor-element-b5821e3 elementor-widget elementor-widget-heading\" data-id=\"b5821e3\" data-element_type=\"widget\" data-widget_type=\"heading.default\">\n\t\t\t\t<div class=\"elementor-widget-container\">\n\t\t\t\t\t<h2 class=\"elementor-heading-title elementor-size-default\">Todas as condi\u00e7\u00f5es podem expirar a qualquer momento, podendo haver altera\u00e7\u00f5es a qualquer momento!<\/h2>\t\t\t\t<\/div>\n\t\t\t\t<\/div>\n\t\t\t\t<div class=\"elementor-element elementor-element-baa983e elementor-widget-divider--view-line elementor-widget elementor-widget-divider\" data-id=\"baa983e\" data-element_type=\"widget\" data-widget_type=\"divider.default\">\n\t\t\t\t<div class=\"elementor-widget-container\">\n\t\t\t\t\t\t\t<div class=\"elementor-divider\">\n\t\t\t<span class=\"elementor-divider-separator\">\n\t\t\t\t\t\t<\/span>\n\t\t<\/div>\n\t\t\t\t\t\t<\/div>\n\t\t\t\t<\/div>\n\t\t<div class=\"elementor-element elementor-element-01c0665 e-con-full e-flex e-con e-child\" data-id=\"01c0665\" data-element_type=\"container\">\n\t\t<div class=\"elementor-element elementor-element-96c62e3 e-flex e-con-boxed e-con e-child\" data-id=\"96c62e3\" data-element_type=\"container\">\n\t\t\t\t\t<div class=\"e-con-inner\">\n\t\t\t\t<div class=\"elementor-element elementor-element-1ed3908 elementor-widget elementor-widget-heading\" data-id=\"1ed3908\" data-element_type=\"widget\" data-widget_type=\"heading.default\">\n\t\t\t\t<div class=\"elementor-widget-container\">\n\t\t\t\t\t<h2 class=\"elementor-heading-title elementor-size-default\">RECONSTRU\u00c7\u00c3O + ESCOVA<\/h2>\t\t\t\t<\/div>\n\t\t\t\t<\/div>\n\t\t\t\t<div class=\"elementor-element elementor-element-8c7ac2b elementor-widget elementor-widget-text-editor\" data-id=\"8c7ac2b\" data-element_type=\"widget\" data-widget_type=\"text-editor.default\">\n\t\t\t\t<div class=\"elementor-widget-container\">\n\t\t\t\t\t\t\t\t\t<p>POR APENAS:<\/p>\t\t\t\t\t\t\t\t<\/div>\n\t\t\t\t<\/div>\n\t\t\t\t<div class=\"elementor-element elementor-element-1fd47b1 elementor-widget elementor-widget-heading\" data-id=\"1fd47b1\" data-element_type=\"widget\" data-widget_type=\"heading.default\">\n\t\t\t\t<div class=\"elementor-widget-container\">\n\t\t\t\t\t<h2 class=\"elementor-heading-title elementor-size-default\">R$299,00<\/h2>\t\t\t\t<\/div>\n\t\t\t\t<\/div>\n\t\t\t\t\t<\/div>\n\t\t\t\t<\/div>\n\t\t<div class=\"elementor-element elementor-element-afc6807 e-flex e-con-boxed e-con e-child\" data-id=\"afc6807\" data-element_type=\"container\">\n\t\t\t\t\t<div class=\"e-con-inner\">\n\t\t\t\t<div class=\"elementor-element elementor-element-fd80311 elementor-widget elementor-widget-heading\" data-id=\"fd80311\" data-element_type=\"widget\" data-widget_type=\"heading.default\">\n\t\t\t\t<div class=\"elementor-widget-container\">\n\t\t\t\t\t<h2 class=\"elementor-heading-title elementor-size-default\">DESIGN + BU\u00c7O COM LINHA<\/h2>\t\t\t\t<\/div>\n\t\t\t\t<\/div>\n\t\t\t\t<div class=\"elementor-element elementor-element-86a9a1a elementor-widget elementor-widget-text-editor\" data-id=\"86a9a1a\" data-element_type=\"widget\" data-widget_type=\"text-editor.default\">\n\t\t\t\t<div class=\"elementor-widget-container\">\n\t\t\t\t\t\t\t\t\t<p>POR APENAS:<\/p>\t\t\t\t\t\t\t\t<\/div>\n\t\t\t\t<\/div>\n\t\t\t\t<div class=\"elementor-element elementor-element-5bb6d24 elementor-widget elementor-widget-heading\" data-id=\"5bb6d24\" data-element_type=\"widget\" data-widget_type=\"heading.default\">\n\t\t\t\t<div class=\"elementor-widget-container\">\n\t\t\t\t\t<h2 class=\"elementor-heading-title elementor-size-default\">R$110,00<\/h2>\t\t\t\t<\/div>\n\t\t\t\t<\/div>\n\t\t\t\t\t<\/div>\n\t\t\t\t<\/div>\n\t\t<div class=\"elementor-element elementor-element-a927999 e-flex e-con-boxed e-con e-child\" data-id=\"a927999\" data-element_type=\"container\">\n\t\t\t\t\t<div class=\"e-con-inner\">\n\t\t\t\t<div class=\"elementor-element elementor-element-1932751 elementor-widget elementor-widget-heading\" data-id=\"1932751\" data-element_type=\"widget\" data-widget_type=\"heading.default\">\n\t\t\t\t<div class=\"elementor-widget-container\">\n\t\t\t\t\t<h2 class=\"elementor-heading-title elementor-size-default\">ESMALTA\u00c7\u00c3O EM GEL + MANICURE<\/h2>\t\t\t\t<\/div>\n\t\t\t\t<\/div>\n\t\t\t\t<div class=\"elementor-element elementor-element-8876467 elementor-widget elementor-widget-text-editor\" data-id=\"8876467\" data-element_type=\"widget\" data-widget_type=\"text-editor.default\">\n\t\t\t\t<div class=\"elementor-widget-container\">\n\t\t\t\t\t\t\t\t\t<p>POR APENAS:<\/p>\t\t\t\t\t\t\t\t<\/div>\n\t\t\t\t<\/div>\n\t\t\t\t<div class=\"elementor-element elementor-element-9850c01 elementor-widget elementor-widget-heading\" data-id=\"9850c01\" data-element_type=\"widget\" data-widget_type=\"heading.default\">\n\t\t\t\t<div class=\"elementor-widget-container\">\n\t\t\t\t\t<h2 class=\"elementor-heading-title elementor-size-default\">R$120,00<\/h2>\t\t\t\t<\/div>\n\t\t\t\t<\/div>\n\t\t\t\t\t<\/div>\n\t\t\t\t<\/div>\n\t\t\t\t<\/div>\n\t\t\t\t\t<\/div>\n\t\t\t\t<\/div>\n\t\t<div class=\"elementor-element elementor-element-701e936 e-flex e-con-boxed e-con e-child\" data-id=\"701e936\" data-element_type=\"container\">\n\t\t\t\t\t<div class=\"e-con-inner\">\n\t\t\t\t<div class=\"elementor-element elementor-element-9e1856f elementor-mobile-align-center elementor-widget-mobile__width-inherit elementor-align-center elementor-widget elementor-widget-button\" data-id=\"9e1856f\" data-element_type=\"widget\" data-widget_type=\"button.default\">\n\t\t\t\t<div class=\"elementor-widget-container\">\n\t\t\t\t\t\t\t\t\t<div class=\"elementor-button-wrapper\">\n\t\t\t\t\t<a class=\"elementor-button elementor-button-link elementor-size-sm elementor-animation-grow\" href=\"https:\/\/seventies.com.br\/index.php\/whatsapp\/\" id=\"botao\">\n\t\t\t\t\t\t<span class=\"elementor-button-content-wrapper\">\n\t\t\t\t\t\t<span class=\"elementor-button-icon\">\n\t\t\t\t<i aria-hidden=\"true\" class=\"fab fa-whatsapp\"><\/i>\t\t\t<\/span>\n\t\t\t\t\t\t\t\t\t<span class=\"elementor-button-text\">AGENDAR HOR\u00c1RIO<\/span>\n\t\t\t\t\t<\/span>\n\t\t\t\t\t<\/a>\n\t\t\t\t<\/div>\n\t\t\t\t\t\t\t\t<\/div>\n\t\t\t\t<\/div>\n\t\t\t\t\t<\/div>\n\t\t\t\t<\/div>\n\t\t<div class=\"elementor-element elementor-element-42598de e-flex e-con-boxed e-con e-child\" data-id=\"42598de\" data-element_type=\"container\" data-settings=\"{&quot;background_background&quot;:&quot;classic&quot;}\">\n\t\t\t\t\t<div class=\"e-con-inner\">\n\t\t\t\t<div class=\"elementor-element elementor-element-3085947 elementor-widget elementor-widget-heading\" data-id=\"3085947\" data-element_type=\"widget\" data-widget_type=\"heading.default\">\n\t\t\t\t<div class=\"elementor-widget-container\">\n\t\t\t\t\t<h2 class=\"elementor-heading-title elementor-size-default\">Nosso espaco<\/h2>\t\t\t\t<\/div>\n\t\t\t\t<\/div>\n\t\t\t\t<div class=\"elementor-element elementor-element-ffd7cf1 elementor-widget elementor-widget-heading\" data-id=\"ffd7cf1\" data-element_type=\"widget\" data-widget_type=\"heading.default\">\n\t\t\t\t<div class=\"elementor-widget-container\">\n\t\t\t\t\t<h2 class=\"elementor-heading-title elementor-size-default\"><gradient>estamos pr\u00f3ximo de voc\u00ea!<\/h2>\t\t\t\t<\/div>\n\t\t\t\t<\/div>\n\t\t\t\t<div class=\"elementor-element elementor-element-6d6a494 elementor-widget elementor-widget-google_maps\" data-id=\"6d6a494\" data-element_type=\"widget\" data-widget_type=\"google_maps.default\">\n\t\t\t\t<div class=\"elementor-widget-container\">\n\t\t\t\t\t\t\t<div class=\"elementor-custom-embed\">\n\t\t\t<iframe loading=\"lazy\"\n\t\t\t\t\tsrc=\"https:\/\/maps.google.com\/maps?q=%20Alameda%20Jauaperi%2C%201423G%20-%20Moema%2C%20S%C3%A3o%20Paulo%20-%20SP%2C%2004523-015&#038;t=m&#038;z=15&#038;output=embed&#038;iwloc=near\"\n\t\t\t\t\ttitle=\" Alameda Jauaperi, 1423G - Moema, S\u00e3o Paulo - SP, 04523-015\"\n\t\t\t\t\taria-label=\" Alameda Jauaperi, 1423G - Moema, S\u00e3o Paulo - SP, 04523-015\"\n\t\t\t><\/iframe>\n\t\t<\/div>\n\t\t\t\t\t\t<\/div>\n\t\t\t\t<\/div>\n\t\t\t\t<div class=\"elementor-element elementor-element-d83bda9 elementor-widget elementor-widget-text-editor\" data-id=\"d83bda9\" data-element_type=\"widget\" data-widget_type=\"text-editor.default\">\n\t\t\t\t<div class=\"elementor-widget-container\">\n\t\t\t\t\t\t\t\t\t<p>Alameda Jauaperi, 1423G &#8211; Moema, S\u00e3o Paulo<\/p>\t\t\t\t\t\t\t\t<\/div>\n\t\t\t\t<\/div>\n\t\t\t\t\t<\/div>\n\t\t\t\t<\/div>\n\t\t<div class=\"elementor-element elementor-element-f3bdb60 e-flex e-con-boxed e-con e-child\" data-id=\"f3bdb60\" data-element_type=\"container\">\n\t\t\t\t\t<div class=\"e-con-inner\">\n\t\t\t\t<div class=\"elementor-element elementor-element-1cceb6b elementor-widget elementor-widget-text-editor\" data-id=\"1cceb6b\" data-element_type=\"widget\" data-widget_type=\"text-editor.default\">\n\t\t\t\t<div class=\"elementor-widget-container\">\n\t\t\t\t\t\t\t\t\t<p>Todos os direitos reservados | Feito por<span style=\"color: #faad61;\">\u00a0<strong><a style=\"color: #faad61;\" href=\"https:\/\/zetadvertising.com\/\" target=\"_blank\" rel=\"noopener\">Zeta Advertising<\/a><\/strong><\/span><\/p>\t\t\t\t\t\t\t\t<\/div>\n\t\t\t\t<\/div>\n\t\t\t\t\t<\/div>\n\t\t\t\t<\/div>\n\t\t\t\t\t<\/div>\n\t\t\t\t<\/div>\n\t\t\t\t<\/div>\n\t\t","protected":false},"excerpt":{"rendered":"<p>menu Condicoes especiais Todas as condi\u00e7\u00f5es podem expirar a qualquer momento, podendo haver altera\u00e7\u00f5es a qualquer momento! RECONSTRU\u00c7\u00c3O + ESCOVA POR APENAS: R$299,00 DESIGN + BU\u00c7O COM LINHA POR APENAS: R$110,00 ESMALTA\u00c7\u00c3O EM GEL + MANICURE POR APENAS: R$120,00 AGENDAR HOR\u00c1RIO Nosso espaco estamos pr\u00f3ximo de voc\u00ea! Alameda Jauaperi, 1423G &#8211; Moema, S\u00e3o Paulo Todos [&hellip;]<\/p>\n","protected":false},"author":1,"featured_media":0,"parent":0,"menu_order":0,"comment_status":"closed","ping_status":"closed","template":"elementor_canvas","meta":{"footnotes":""},"class_list":["post-896","page","type-page","status-publish","hentry"],"_links":{"self":[{"href":"https:\/\/seventies.com.br\/index.php\/wp-json\/wp\/v2\/pages\/896"}],"collection":[{"href":"https:\/\/seventies.com.br\/index.php\/wp-json\/wp\/v2\/pages"}],"about":[{"href":"https:\/\/seventies.com.br\/index.php\/wp-json\/wp\/v2\/types\/page"}],"author":[{"embeddable":true,"href":"https:\/\/seventies.com.br\/index.php\/wp-json\/wp\/v2\/users\/1"}],"replies":[{"embeddable":true,"href":"https:\/\/seventies.com.br\/index.php\/wp-json\/wp\/v2\/comments?post=896"}],"version-history":[{"count":49,"href":"https:\/\/seventies.com.br\/index.php\/wp-json\/wp\/v2\/pages\/896\/revisions"}],"predecessor-version":[{"id":1026,"href":"https:\/\/seventies.com.br\/index.php\/wp-json\/wp\/v2\/pages\/896\/revisions\/1026"}],"wp:attachment":[{"href":"https:\/\/seventies.com.br\/index.php\/wp-json\/wp\/v2\/media?parent=896"}],"curies":[{"name":"wp","href":"https:\/\/api.w.org\/{rel}","templated":true}]}}